{"id":9850,"date":"2024-06-24T15:18:51","date_gmt":"2024-06-24T13:18:52","guid":{"rendered":"https:\/\/staging.vertikale.it\/?post_type=product&#038;p=9850"},"modified":"2024-06-24T15:27:21","modified_gmt":"2024-06-24T13:27:21","slug":"gruppo-darrampicata-per-adulti-kopie","status":"publish","type":"product","link":"https:\/\/staging.vertikale.it\/it\/produkt\/gruppo-darrampicata-per-adulti-kopie\/","title":{"rendered":"Der Klettertreff"},"content":{"rendered":"<h2><strong>Mira alto! <\/strong><\/h2>\n<p>In questo corso di formazione per adulti, ti verranno insegnati sistematicamente i principi di allenamento nell&#8217;arrampicata sportiva. Questi verranno messi in pratica e verr\u00e0 lavorato sul tuo livello di prestazione. Gli istruttori lavorano con te per perfezionare la tua tecnica e migliorare le tue capacit\u00e0 fisiche. I requisiti per la partecipazione ai corsi sono la consultazione con gli istruttori Max R\u00f6ck o G\u00fcnther Kuen o il completamento di un corso avanzato.\u00a0<\/p>\n","protected":false},"excerpt":{"rendered":"<p>Mira alto! In questo corso di formazione per adulti, ti verranno insegnati sistematicamente i principi di allenamento nell&#8217;arrampicata sportiva. Questi verranno messi in pratica e verr\u00e0 lavorato sul tuo livello di prestazione. Gli istruttori lavorano con te per perfezionare la tua tecnica e migliorare le tue capacit\u00e0 fisiche. I requisiti per la partecipazione ai corsi [&hellip;]<\/p>\n","protected":false},"featured_media":3374,"template":"","meta":{"_acf_changed":false},"product_brand":[],"product_cat":[97,89,91],"product_tag":[],"class_list":{"0":"post-9850","1":"product","2":"type-product","3":"status-publish","4":"has-post-thumbnail","6":"product_cat-allenamento","7":"product_cat-corsi","8":"product_cat-corsi-per-adulti","10":"first","11":"outofstock","12":"virtual","13":"taxable","14":"product-type-simple"},"acf":[],"yoast_head":"<!-- This site is optimized with the Yoast SEO plugin v25.8 - https:\/\/yoast.com\/wordpress\/plugins\/seo\/ -->\n<title>Der Klettertreff - Vertikale<\/title>\n<meta name=\"robots\" content=\"noindex, follow, max-snippet:-1, max-image-preview:large, max-video-preview:-1\" \/>\n<meta property=\"og:locale\" content=\"it_IT\" \/>\n<meta property=\"og:type\" content=\"article\" \/>\n<meta property=\"og:title\" content=\"Der Klettertreff - Vertikale\" \/>\n<meta property=\"og:description\" content=\"Mira alto! In questo corso di formazione per adulti, ti verranno insegnati sistematicamente i principi di allenamento nell&#8217;arrampicata sportiva. Questi verranno messi in pratica e verr\u00e0 lavorato sul tuo livello di prestazione. Gli istruttori lavorano con te per perfezionare la tua tecnica e migliorare le tue capacit\u00e0 fisiche. I requisiti per la partecipazione ai corsi [&hellip;]\" \/>\n<meta property=\"og:url\" content=\"https:\/\/staging.vertikale.it\/it\/produkt\/gruppo-darrampicata-per-adulti-kopie\/\" \/>\n<meta property=\"og:site_name\" content=\"Vertikale\" \/>\n<meta property=\"article:modified_time\" content=\"2024-06-24T13:27:21+00:00\" \/>\n<meta property=\"og:image\" content=\"https:\/\/staging.vertikale.it\/wp-content\/uploads\/2021\/11\/JE3A3081.jpg\" \/>\n\t<meta property=\"og:image:width\" content=\"1920\" \/>\n\t<meta property=\"og:image:height\" content=\"1280\" \/>\n\t<meta property=\"og:image:type\" content=\"image\/jpeg\" \/>\n<meta name=\"twitter:card\" content=\"summary_large_image\" \/>\n<script type=\"application\/ld+json\" class=\"yoast-schema-graph\">{\"@context\":\"https:\/\/schema.org\",\"@graph\":[{\"@type\":\"WebPage\",\"@id\":\"https:\/\/staging.vertikale.it\/it\/produkt\/gruppo-darrampicata-per-adulti-kopie\/\",\"url\":\"https:\/\/staging.vertikale.it\/it\/produkt\/gruppo-darrampicata-per-adulti-kopie\/\",\"name\":\"Der Klettertreff - Vertikale\",\"isPartOf\":{\"@id\":\"https:\/\/staging.vertikale.it\/it\/#website\"},\"primaryImageOfPage\":{\"@id\":\"https:\/\/staging.vertikale.it\/it\/produkt\/gruppo-darrampicata-per-adulti-kopie\/#primaryimage\"},\"image\":{\"@id\":\"https:\/\/staging.vertikale.it\/it\/produkt\/gruppo-darrampicata-per-adulti-kopie\/#primaryimage\"},\"thumbnailUrl\":\"https:\/\/staging.vertikale.it\/wp-content\/uploads\/2021\/11\/JE3A3081.jpg\",\"datePublished\":\"2024-06-24T13:18:52+00:00\",\"dateModified\":\"2024-06-24T13:27:21+00:00\",\"breadcrumb\":{\"@id\":\"https:\/\/staging.vertikale.it\/it\/produkt\/gruppo-darrampicata-per-adulti-kopie\/#breadcrumb\"},\"inLanguage\":\"it-IT\",\"potentialAction\":[{\"@type\":\"ReadAction\",\"target\":[\"https:\/\/staging.vertikale.it\/it\/produkt\/gruppo-darrampicata-per-adulti-kopie\/\"]}]},{\"@type\":\"ImageObject\",\"inLanguage\":\"it-IT\",\"@id\":\"https:\/\/staging.vertikale.it\/it\/produkt\/gruppo-darrampicata-per-adulti-kopie\/#primaryimage\",\"url\":\"https:\/\/staging.vertikale.it\/wp-content\/uploads\/2021\/11\/JE3A3081.jpg\",\"contentUrl\":\"https:\/\/staging.vertikale.it\/wp-content\/uploads\/2021\/11\/JE3A3081.jpg\",\"width\":1920,\"height\":1280},{\"@type\":\"BreadcrumbList\",\"@id\":\"https:\/\/staging.vertikale.it\/it\/produkt\/gruppo-darrampicata-per-adulti-kopie\/#breadcrumb\",\"itemListElement\":[{\"@type\":\"ListItem\",\"position\":1,\"name\":\"Home\",\"item\":\"https:\/\/staging.vertikale.it\/it\/\"},{\"@type\":\"ListItem\",\"position\":2,\"name\":\"Shop\",\"item\":\"https:\/\/staging.vertikale.it\/shop\/\"},{\"@type\":\"ListItem\",\"position\":3,\"name\":\"Der Klettertreff\"}]},{\"@type\":\"WebSite\",\"@id\":\"https:\/\/staging.vertikale.it\/it\/#website\",\"url\":\"https:\/\/staging.vertikale.it\/it\/\",\"name\":\"Vertikale\",\"description\":\"Kletterzentrum Brixen\",\"publisher\":{\"@id\":\"https:\/\/staging.vertikale.it\/it\/#organization\"},\"potentialAction\":[{\"@type\":\"SearchAction\",\"target\":{\"@type\":\"EntryPoint\",\"urlTemplate\":\"https:\/\/staging.vertikale.it\/it\/?s={search_term_string}\"},\"query-input\":{\"@type\":\"PropertyValueSpecification\",\"valueRequired\":true,\"valueName\":\"search_term_string\"}}],\"inLanguage\":\"it-IT\"},{\"@type\":\"Organization\",\"@id\":\"https:\/\/staging.vertikale.it\/it\/#organization\",\"name\":\"Vertikale\",\"url\":\"https:\/\/staging.vertikale.it\/it\/\",\"logo\":{\"@type\":\"ImageObject\",\"inLanguage\":\"it-IT\",\"@id\":\"https:\/\/staging.vertikale.it\/it\/#\/schema\/logo\/image\/\",\"url\":\"https:\/\/staging.vertikale.it\/wp-content\/uploads\/2021\/11\/Vertikale_logo_black-1.png\",\"contentUrl\":\"https:\/\/staging.vertikale.it\/wp-content\/uploads\/2021\/11\/Vertikale_logo_black-1.png\",\"width\":774,\"height\":678,\"caption\":\"Vertikale\"},\"image\":{\"@id\":\"https:\/\/staging.vertikale.it\/it\/#\/schema\/logo\/image\/\"}}]}<\/script>\n<!-- \/ Yoast SEO plugin. -->","yoast_head_json":{"title":"Der Klettertreff - Vertikale","robots":{"index":"noindex","follow":"follow","max-snippet":"max-snippet:-1","max-image-preview":"max-image-preview:large","max-video-preview":"max-video-preview:-1"},"og_locale":"it_IT","og_type":"article","og_title":"Der Klettertreff - Vertikale","og_description":"Mira alto! In questo corso di formazione per adulti, ti verranno insegnati sistematicamente i principi di allenamento nell&#8217;arrampicata sportiva. Questi verranno messi in pratica e verr\u00e0 lavorato sul tuo livello di prestazione. Gli istruttori lavorano con te per perfezionare la tua tecnica e migliorare le tue capacit\u00e0 fisiche. I requisiti per la partecipazione ai corsi [&hellip;]","og_url":"https:\/\/staging.vertikale.it\/it\/produkt\/gruppo-darrampicata-per-adulti-kopie\/","og_site_name":"Vertikale","article_modified_time":"2024-06-24T13:27:21+00:00","og_image":[{"width":1920,"height":1280,"url":"https:\/\/staging.vertikale.it\/wp-content\/uploads\/2021\/11\/JE3A3081.jpg","type":"image\/jpeg"}],"twitter_card":"summary_large_image","schema":{"@context":"https:\/\/schema.org","@graph":[{"@type":"WebPage","@id":"https:\/\/staging.vertikale.it\/it\/produkt\/gruppo-darrampicata-per-adulti-kopie\/","url":"https:\/\/staging.vertikale.it\/it\/produkt\/gruppo-darrampicata-per-adulti-kopie\/","name":"Der Klettertreff - Vertikale","isPartOf":{"@id":"https:\/\/staging.vertikale.it\/it\/#website"},"primaryImageOfPage":{"@id":"https:\/\/staging.vertikale.it\/it\/produkt\/gruppo-darrampicata-per-adulti-kopie\/#primaryimage"},"image":{"@id":"https:\/\/staging.vertikale.it\/it\/produkt\/gruppo-darrampicata-per-adulti-kopie\/#primaryimage"},"thumbnailUrl":"https:\/\/staging.vertikale.it\/wp-content\/uploads\/2021\/11\/JE3A3081.jpg","datePublished":"2024-06-24T13:18:52+00:00","dateModified":"2024-06-24T13:27:21+00:00","breadcrumb":{"@id":"https:\/\/staging.vertikale.it\/it\/produkt\/gruppo-darrampicata-per-adulti-kopie\/#breadcrumb"},"inLanguage":"it-IT","potentialAction":[{"@type":"ReadAction","target":["https:\/\/staging.vertikale.it\/it\/produkt\/gruppo-darrampicata-per-adulti-kopie\/"]}]},{"@type":"ImageObject","inLanguage":"it-IT","@id":"https:\/\/staging.vertikale.it\/it\/produkt\/gruppo-darrampicata-per-adulti-kopie\/#primaryimage","url":"https:\/\/staging.vertikale.it\/wp-content\/uploads\/2021\/11\/JE3A3081.jpg","contentUrl":"https:\/\/staging.vertikale.it\/wp-content\/uploads\/2021\/11\/JE3A3081.jpg","width":1920,"height":1280},{"@type":"BreadcrumbList","@id":"https:\/\/staging.vertikale.it\/it\/produkt\/gruppo-darrampicata-per-adulti-kopie\/#breadcrumb","itemListElement":[{"@type":"ListItem","position":1,"name":"Home","item":"https:\/\/staging.vertikale.it\/it\/"},{"@type":"ListItem","position":2,"name":"Shop","item":"https:\/\/staging.vertikale.it\/shop\/"},{"@type":"ListItem","position":3,"name":"Der Klettertreff"}]},{"@type":"WebSite","@id":"https:\/\/staging.vertikale.it\/it\/#website","url":"https:\/\/staging.vertikale.it\/it\/","name":"Vertikale","description":"Kletterzentrum Brixen","publisher":{"@id":"https:\/\/staging.vertikale.it\/it\/#organization"},"potentialAction":[{"@type":"SearchAction","target":{"@type":"EntryPoint","urlTemplate":"https:\/\/staging.vertikale.it\/it\/?s={search_term_string}"},"query-input":{"@type":"PropertyValueSpecification","valueRequired":true,"valueName":"search_term_string"}}],"inLanguage":"it-IT"},{"@type":"Organization","@id":"https:\/\/staging.vertikale.it\/it\/#organization","name":"Vertikale","url":"https:\/\/staging.vertikale.it\/it\/","logo":{"@type":"ImageObject","inLanguage":"it-IT","@id":"https:\/\/staging.vertikale.it\/it\/#\/schema\/logo\/image\/","url":"https:\/\/staging.vertikale.it\/wp-content\/uploads\/2021\/11\/Vertikale_logo_black-1.png","contentUrl":"https:\/\/staging.vertikale.it\/wp-content\/uploads\/2021\/11\/Vertikale_logo_black-1.png","width":774,"height":678,"caption":"Vertikale"},"image":{"@id":"https:\/\/staging.vertikale.it\/it\/#\/schema\/logo\/image\/"}}]}},"_links":{"self":[{"href":"https:\/\/staging.vertikale.it\/it\/wp-json\/wp\/v2\/product\/9850","targetHints":{"allow":["GET"]}}],"collection":[{"href":"https:\/\/staging.vertikale.it\/it\/wp-json\/wp\/v2\/product"}],"about":[{"href":"https:\/\/staging.vertikale.it\/it\/wp-json\/wp\/v2\/types\/product"}],"wp:featuredmedia":[{"embeddable":true,"href":"https:\/\/staging.vertikale.it\/it\/wp-json\/wp\/v2\/media\/3374"}],"wp:attachment":[{"href":"https:\/\/staging.vertikale.it\/it\/wp-json\/wp\/v2\/media?parent=9850"}],"wp:term":[{"taxonomy":"product_brand","embeddable":true,"href":"https:\/\/staging.vertikale.it\/it\/wp-json\/wp\/v2\/product_brand?post=9850"},{"taxonomy":"product_cat","embeddable":true,"href":"https:\/\/staging.vertikale.it\/it\/wp-json\/wp\/v2\/product_cat?post=9850"},{"taxonomy":"product_tag","embeddable":true,"href":"https:\/\/staging.vertikale.it\/it\/wp-json\/wp\/v2\/product_tag?post=9850"}],"curies":[{"name":"wp","href":"https:\/\/api.w.org\/{rel}","templated":true}]}}