{"id":7820,"date":"2023-08-01T15:42:24","date_gmt":"2023-08-01T13:42:24","guid":{"rendered":"https:\/\/staging.vertikale.it\/product\/corso-perfezionamento-dai-8-anni\/"},"modified":"2024-07-18T12:04:57","modified_gmt":"2024-07-18T10:04:57","slug":"corso-perfezionamento-dai-8-anni","status":"publish","type":"product","link":"https:\/\/staging.vertikale.it\/it\/produkt\/corso-perfezionamento-dai-8-anni\/","title":{"rendered":"Corso perfezionamento dai 8 anni"},"content":{"rendered":"<h2>Verso nuovi traguardi!<\/h2>\n<p>Arrampicare come i grandi, assicurarsi come i grandi, sperimentare come i grandi: il corso avanzato inizia dopo il corso base. I piccoli mostrano la loro grandezza e scalano il mondo, nessun muro \u00e8 troppo alto e nessuna difficolt\u00e0 \u00e8 insormontabile.<\/p>\n","protected":false},"excerpt":{"rendered":"<p>Verso nuovi traguardi! Arrampicare come i grandi, assicurarsi come i grandi, sperimentare come i grandi: il corso avanzato inizia dopo il corso base. I piccoli mostrano la loro grandezza e scalano il mondo, nessun muro \u00e8 troppo alto e nessuna difficolt\u00e0 \u00e8 insormontabile.<\/p>\n","protected":false},"featured_media":3470,"template":"","meta":{"_acf_changed":false},"product_brand":[],"product_cat":[89,116,95],"product_tag":[],"class_list":{"0":"post-7820","1":"product","2":"type-product","3":"status-publish","4":"has-post-thumbnail","6":"product_cat-corsi","7":"product_cat-corsi-di-perfezionamento","8":"product_cat-corsi-per-bambini","10":"first","11":"outofstock","12":"taxable","13":"shipping-taxable","14":"product-type-simple"},"acf":[],"yoast_head":"<!-- This site is optimized with the Yoast SEO plugin v25.8 - https:\/\/yoast.com\/wordpress\/plugins\/seo\/ -->\n<title>Corso perfezionamento dai 8 anni - Vertikale<\/title>\n<meta name=\"robots\" content=\"noindex, follow, max-snippet:-1, max-image-preview:large, max-video-preview:-1\" \/>\n<meta property=\"og:locale\" content=\"it_IT\" \/>\n<meta property=\"og:type\" content=\"article\" \/>\n<meta property=\"og:title\" content=\"Corso perfezionamento dai 8 anni - Vertikale\" \/>\n<meta property=\"og:description\" content=\"Verso nuovi traguardi! Arrampicare come i grandi, assicurarsi come i grandi, sperimentare come i grandi: il corso avanzato inizia dopo il corso base. I piccoli mostrano la loro grandezza e scalano il mondo, nessun muro \u00e8 troppo alto e nessuna difficolt\u00e0 \u00e8 insormontabile.\" \/>\n<meta property=\"og:url\" content=\"https:\/\/staging.vertikale.it\/it\/produkt\/corso-perfezionamento-dai-8-anni\/\" \/>\n<meta property=\"og:site_name\" content=\"Vertikale\" \/>\n<meta property=\"article:modified_time\" content=\"2024-07-18T10:04:57+00:00\" \/>\n<meta property=\"og:image\" content=\"https:\/\/staging.vertikale.it\/wp-content\/uploads\/2021\/12\/kurse_fuer_kinder.jpg\" \/>\n\t<meta property=\"og:image:width\" content=\"1920\" \/>\n\t<meta property=\"og:image:height\" content=\"1280\" \/>\n\t<meta property=\"og:image:type\" content=\"image\/jpeg\" \/>\n<meta name=\"twitter:card\" content=\"summary_large_image\" \/>\n<script type=\"application\/ld+json\" class=\"yoast-schema-graph\">{\"@context\":\"https:\/\/schema.org\",\"@graph\":[{\"@type\":\"WebPage\",\"@id\":\"https:\/\/staging.vertikale.it\/it\/produkt\/corso-perfezionamento-dai-8-anni\/\",\"url\":\"https:\/\/staging.vertikale.it\/it\/produkt\/corso-perfezionamento-dai-8-anni\/\",\"name\":\"Corso perfezionamento dai 8 anni - Vertikale\",\"isPartOf\":{\"@id\":\"https:\/\/staging.vertikale.it\/it\/#website\"},\"primaryImageOfPage\":{\"@id\":\"https:\/\/staging.vertikale.it\/it\/produkt\/corso-perfezionamento-dai-8-anni\/#primaryimage\"},\"image\":{\"@id\":\"https:\/\/staging.vertikale.it\/it\/produkt\/corso-perfezionamento-dai-8-anni\/#primaryimage\"},\"thumbnailUrl\":\"https:\/\/staging.vertikale.it\/wp-content\/uploads\/2021\/12\/kurse_fuer_kinder.jpg\",\"datePublished\":\"2023-08-01T13:42:24+00:00\",\"dateModified\":\"2024-07-18T10:04:57+00:00\",\"breadcrumb\":{\"@id\":\"https:\/\/staging.vertikale.it\/it\/produkt\/corso-perfezionamento-dai-8-anni\/#breadcrumb\"},\"inLanguage\":\"it-IT\",\"potentialAction\":[{\"@type\":\"ReadAction\",\"target\":[\"https:\/\/staging.vertikale.it\/it\/produkt\/corso-perfezionamento-dai-8-anni\/\"]}]},{\"@type\":\"ImageObject\",\"inLanguage\":\"it-IT\",\"@id\":\"https:\/\/staging.vertikale.it\/it\/produkt\/corso-perfezionamento-dai-8-anni\/#primaryimage\",\"url\":\"https:\/\/staging.vertikale.it\/wp-content\/uploads\/2021\/12\/kurse_fuer_kinder.jpg\",\"contentUrl\":\"https:\/\/staging.vertikale.it\/wp-content\/uploads\/2021\/12\/kurse_fuer_kinder.jpg\",\"width\":1920,\"height\":1280},{\"@type\":\"BreadcrumbList\",\"@id\":\"https:\/\/staging.vertikale.it\/it\/produkt\/corso-perfezionamento-dai-8-anni\/#breadcrumb\",\"itemListElement\":[{\"@type\":\"ListItem\",\"position\":1,\"name\":\"Home\",\"item\":\"https:\/\/staging.vertikale.it\/it\/\"},{\"@type\":\"ListItem\",\"position\":2,\"name\":\"Shop\",\"item\":\"https:\/\/staging.vertikale.it\/shop\/\"},{\"@type\":\"ListItem\",\"position\":3,\"name\":\"Corso perfezionamento dai 8 anni\"}]},{\"@type\":\"WebSite\",\"@id\":\"https:\/\/staging.vertikale.it\/it\/#website\",\"url\":\"https:\/\/staging.vertikale.it\/it\/\",\"name\":\"Vertikale\",\"description\":\"Kletterzentrum Brixen\",\"publisher\":{\"@id\":\"https:\/\/staging.vertikale.it\/it\/#organization\"},\"potentialAction\":[{\"@type\":\"SearchAction\",\"target\":{\"@type\":\"EntryPoint\",\"urlTemplate\":\"https:\/\/staging.vertikale.it\/it\/?s={search_term_string}\"},\"query-input\":{\"@type\":\"PropertyValueSpecification\",\"valueRequired\":true,\"valueName\":\"search_term_string\"}}],\"inLanguage\":\"it-IT\"},{\"@type\":\"Organization\",\"@id\":\"https:\/\/staging.vertikale.it\/it\/#organization\",\"name\":\"Vertikale\",\"url\":\"https:\/\/staging.vertikale.it\/it\/\",\"logo\":{\"@type\":\"ImageObject\",\"inLanguage\":\"it-IT\",\"@id\":\"https:\/\/staging.vertikale.it\/it\/#\/schema\/logo\/image\/\",\"url\":\"https:\/\/staging.vertikale.it\/wp-content\/uploads\/2021\/11\/Vertikale_logo_black-1.png\",\"contentUrl\":\"https:\/\/staging.vertikale.it\/wp-content\/uploads\/2021\/11\/Vertikale_logo_black-1.png\",\"width\":774,\"height\":678,\"caption\":\"Vertikale\"},\"image\":{\"@id\":\"https:\/\/staging.vertikale.it\/it\/#\/schema\/logo\/image\/\"}}]}<\/script>\n<!-- \/ Yoast SEO plugin. -->","yoast_head_json":{"title":"Corso perfezionamento dai 8 anni - Vertikale","robots":{"index":"noindex","follow":"follow","max-snippet":"max-snippet:-1","max-image-preview":"max-image-preview:large","max-video-preview":"max-video-preview:-1"},"og_locale":"it_IT","og_type":"article","og_title":"Corso perfezionamento dai 8 anni - Vertikale","og_description":"Verso nuovi traguardi! Arrampicare come i grandi, assicurarsi come i grandi, sperimentare come i grandi: il corso avanzato inizia dopo il corso base. I piccoli mostrano la loro grandezza e scalano il mondo, nessun muro \u00e8 troppo alto e nessuna difficolt\u00e0 \u00e8 insormontabile.","og_url":"https:\/\/staging.vertikale.it\/it\/produkt\/corso-perfezionamento-dai-8-anni\/","og_site_name":"Vertikale","article_modified_time":"2024-07-18T10:04:57+00:00","og_image":[{"width":1920,"height":1280,"url":"https:\/\/staging.vertikale.it\/wp-content\/uploads\/2021\/12\/kurse_fuer_kinder.jpg","type":"image\/jpeg"}],"twitter_card":"summary_large_image","schema":{"@context":"https:\/\/schema.org","@graph":[{"@type":"WebPage","@id":"https:\/\/staging.vertikale.it\/it\/produkt\/corso-perfezionamento-dai-8-anni\/","url":"https:\/\/staging.vertikale.it\/it\/produkt\/corso-perfezionamento-dai-8-anni\/","name":"Corso perfezionamento dai 8 anni - Vertikale","isPartOf":{"@id":"https:\/\/staging.vertikale.it\/it\/#website"},"primaryImageOfPage":{"@id":"https:\/\/staging.vertikale.it\/it\/produkt\/corso-perfezionamento-dai-8-anni\/#primaryimage"},"image":{"@id":"https:\/\/staging.vertikale.it\/it\/produkt\/corso-perfezionamento-dai-8-anni\/#primaryimage"},"thumbnailUrl":"https:\/\/staging.vertikale.it\/wp-content\/uploads\/2021\/12\/kurse_fuer_kinder.jpg","datePublished":"2023-08-01T13:42:24+00:00","dateModified":"2024-07-18T10:04:57+00:00","breadcrumb":{"@id":"https:\/\/staging.vertikale.it\/it\/produkt\/corso-perfezionamento-dai-8-anni\/#breadcrumb"},"inLanguage":"it-IT","potentialAction":[{"@type":"ReadAction","target":["https:\/\/staging.vertikale.it\/it\/produkt\/corso-perfezionamento-dai-8-anni\/"]}]},{"@type":"ImageObject","inLanguage":"it-IT","@id":"https:\/\/staging.vertikale.it\/it\/produkt\/corso-perfezionamento-dai-8-anni\/#primaryimage","url":"https:\/\/staging.vertikale.it\/wp-content\/uploads\/2021\/12\/kurse_fuer_kinder.jpg","contentUrl":"https:\/\/staging.vertikale.it\/wp-content\/uploads\/2021\/12\/kurse_fuer_kinder.jpg","width":1920,"height":1280},{"@type":"BreadcrumbList","@id":"https:\/\/staging.vertikale.it\/it\/produkt\/corso-perfezionamento-dai-8-anni\/#breadcrumb","itemListElement":[{"@type":"ListItem","position":1,"name":"Home","item":"https:\/\/staging.vertikale.it\/it\/"},{"@type":"ListItem","position":2,"name":"Shop","item":"https:\/\/staging.vertikale.it\/shop\/"},{"@type":"ListItem","position":3,"name":"Corso perfezionamento dai 8 anni"}]},{"@type":"WebSite","@id":"https:\/\/staging.vertikale.it\/it\/#website","url":"https:\/\/staging.vertikale.it\/it\/","name":"Vertikale","description":"Kletterzentrum Brixen","publisher":{"@id":"https:\/\/staging.vertikale.it\/it\/#organization"},"potentialAction":[{"@type":"SearchAction","target":{"@type":"EntryPoint","urlTemplate":"https:\/\/staging.vertikale.it\/it\/?s={search_term_string}"},"query-input":{"@type":"PropertyValueSpecification","valueRequired":true,"valueName":"search_term_string"}}],"inLanguage":"it-IT"},{"@type":"Organization","@id":"https:\/\/staging.vertikale.it\/it\/#organization","name":"Vertikale","url":"https:\/\/staging.vertikale.it\/it\/","logo":{"@type":"ImageObject","inLanguage":"it-IT","@id":"https:\/\/staging.vertikale.it\/it\/#\/schema\/logo\/image\/","url":"https:\/\/staging.vertikale.it\/wp-content\/uploads\/2021\/11\/Vertikale_logo_black-1.png","contentUrl":"https:\/\/staging.vertikale.it\/wp-content\/uploads\/2021\/11\/Vertikale_logo_black-1.png","width":774,"height":678,"caption":"Vertikale"},"image":{"@id":"https:\/\/staging.vertikale.it\/it\/#\/schema\/logo\/image\/"}}]}},"_links":{"self":[{"href":"https:\/\/staging.vertikale.it\/it\/wp-json\/wp\/v2\/product\/7820","targetHints":{"allow":["GET"]}}],"collection":[{"href":"https:\/\/staging.vertikale.it\/it\/wp-json\/wp\/v2\/product"}],"about":[{"href":"https:\/\/staging.vertikale.it\/it\/wp-json\/wp\/v2\/types\/product"}],"wp:featuredmedia":[{"embeddable":true,"href":"https:\/\/staging.vertikale.it\/it\/wp-json\/wp\/v2\/media\/3470"}],"wp:attachment":[{"href":"https:\/\/staging.vertikale.it\/it\/wp-json\/wp\/v2\/media?parent=7820"}],"wp:term":[{"taxonomy":"product_brand","embeddable":true,"href":"https:\/\/staging.vertikale.it\/it\/wp-json\/wp\/v2\/product_brand?post=7820"},{"taxonomy":"product_cat","embeddable":true,"href":"https:\/\/staging.vertikale.it\/it\/wp-json\/wp\/v2\/product_cat?post=7820"},{"taxonomy":"product_tag","embeddable":true,"href":"https:\/\/staging.vertikale.it\/it\/wp-json\/wp\/v2\/product_tag?post=7820"}],"curies":[{"name":"wp","href":"https:\/\/api.w.org\/{rel}","templated":true}]}}