{"id":7788,"date":"2023-07-31T17:24:06","date_gmt":"2023-07-31T15:24:06","guid":{"rendered":"https:\/\/staging.vertikale.it\/product\/corso-base-dagli-11-in-poi\/"},"modified":"2024-09-08T11:03:39","modified_gmt":"2024-09-08T09:03:39","slug":"corso-base-dagli-11-in-poi","status":"publish","type":"product","link":"https:\/\/staging.vertikale.it\/it\/produkt\/corso-base-dagli-11-in-poi\/","title":{"rendered":"Corso base dagli 11 anni in poi"},"content":{"rendered":"<h2><strong>Il cane vecchio non si abitua alla catena&#8230;<\/strong><\/h2>\n<p>Te lo impareremo noi! Perch\u00e9 arrampicare e fare sicura devono essere imparati. Il nostro personale specializzato ti aiuter\u00e0 a diventare un eccellente scalatore, cos\u00ec che nulla possa ostacolare la tua spaziale esperienza dell\u2019arrampicata.<\/p>\n","protected":false},"excerpt":{"rendered":"<p>Il cane vecchio non si abitua alla catena&#8230; Te lo impareremo noi! Perch\u00e9 arrampicare e fare sicura devono essere imparati. Il nostro personale specializzato ti aiuter\u00e0 a diventare un eccellente scalatore, cos\u00ec che nulla possa ostacolare la tua spaziale esperienza dell\u2019arrampicata.<\/p>\n","protected":false},"featured_media":3471,"template":"","meta":{"_acf_changed":false},"product_brand":[],"product_cat":[89,113,92],"product_tag":[],"class_list":{"0":"post-7788","1":"product","2":"type-product","3":"status-publish","4":"has-post-thumbnail","6":"product_cat-corsi","7":"product_cat-corsi-di-base","8":"product_cat-corsi-per-giovani","10":"first","11":"outofstock","12":"purchasable","13":"product-type-variable"},"acf":[],"yoast_head":"<!-- This site is optimized with the Yoast SEO plugin v25.8 - https:\/\/yoast.com\/wordpress\/plugins\/seo\/ -->\n<title>Corso base dagli 11 anni in poi - Vertikale<\/title>\n<meta name=\"robots\" content=\"noindex, follow, max-snippet:-1, max-image-preview:large, max-video-preview:-1\" \/>\n<meta property=\"og:locale\" content=\"it_IT\" \/>\n<meta property=\"og:type\" content=\"article\" \/>\n<meta property=\"og:title\" content=\"Corso base dagli 11 anni in poi - Vertikale\" \/>\n<meta property=\"og:description\" content=\"Il cane vecchio non si abitua alla catena&#8230; Te lo impareremo noi! Perch\u00e9 arrampicare e fare sicura devono essere imparati. Il nostro personale specializzato ti aiuter\u00e0 a diventare un eccellente scalatore, cos\u00ec che nulla possa ostacolare la tua spaziale esperienza dell\u2019arrampicata.\" \/>\n<meta property=\"og:url\" content=\"https:\/\/staging.vertikale.it\/it\/produkt\/corso-base-dagli-11-in-poi\/\" \/>\n<meta property=\"og:site_name\" content=\"Vertikale\" \/>\n<meta property=\"article:modified_time\" content=\"2024-09-08T09:03:39+00:00\" \/>\n<meta property=\"og:image\" content=\"https:\/\/staging.vertikale.it\/wp-content\/uploads\/2022\/01\/klettertrainings_jugendliche.jpg\" \/>\n\t<meta property=\"og:image:width\" content=\"1920\" \/>\n\t<meta property=\"og:image:height\" content=\"1280\" \/>\n\t<meta property=\"og:image:type\" content=\"image\/jpeg\" \/>\n<meta name=\"twitter:card\" content=\"summary_large_image\" \/>\n<script type=\"application\/ld+json\" class=\"yoast-schema-graph\">{\"@context\":\"https:\/\/schema.org\",\"@graph\":[{\"@type\":\"WebPage\",\"@id\":\"https:\/\/staging.vertikale.it\/it\/produkt\/corso-base-dagli-11-in-poi\/\",\"url\":\"https:\/\/staging.vertikale.it\/it\/produkt\/corso-base-dagli-11-in-poi\/\",\"name\":\"Corso base dagli 11 anni in poi - Vertikale\",\"isPartOf\":{\"@id\":\"https:\/\/staging.vertikale.it\/it\/#website\"},\"primaryImageOfPage\":{\"@id\":\"https:\/\/staging.vertikale.it\/it\/produkt\/corso-base-dagli-11-in-poi\/#primaryimage\"},\"image\":{\"@id\":\"https:\/\/staging.vertikale.it\/it\/produkt\/corso-base-dagli-11-in-poi\/#primaryimage\"},\"thumbnailUrl\":\"https:\/\/staging.vertikale.it\/wp-content\/uploads\/2022\/01\/klettertrainings_jugendliche.jpg\",\"datePublished\":\"2023-07-31T15:24:06+00:00\",\"dateModified\":\"2024-09-08T09:03:39+00:00\",\"breadcrumb\":{\"@id\":\"https:\/\/staging.vertikale.it\/it\/produkt\/corso-base-dagli-11-in-poi\/#breadcrumb\"},\"inLanguage\":\"it-IT\",\"potentialAction\":[{\"@type\":\"ReadAction\",\"target\":[\"https:\/\/staging.vertikale.it\/it\/produkt\/corso-base-dagli-11-in-poi\/\"]}]},{\"@type\":\"ImageObject\",\"inLanguage\":\"it-IT\",\"@id\":\"https:\/\/staging.vertikale.it\/it\/produkt\/corso-base-dagli-11-in-poi\/#primaryimage\",\"url\":\"https:\/\/staging.vertikale.it\/wp-content\/uploads\/2022\/01\/klettertrainings_jugendliche.jpg\",\"contentUrl\":\"https:\/\/staging.vertikale.it\/wp-content\/uploads\/2022\/01\/klettertrainings_jugendliche.jpg\",\"width\":1920,\"height\":1280},{\"@type\":\"BreadcrumbList\",\"@id\":\"https:\/\/staging.vertikale.it\/it\/produkt\/corso-base-dagli-11-in-poi\/#breadcrumb\",\"itemListElement\":[{\"@type\":\"ListItem\",\"position\":1,\"name\":\"Home\",\"item\":\"https:\/\/staging.vertikale.it\/it\/\"},{\"@type\":\"ListItem\",\"position\":2,\"name\":\"Shop\",\"item\":\"https:\/\/staging.vertikale.it\/shop\/\"},{\"@type\":\"ListItem\",\"position\":3,\"name\":\"Corso base dagli 11 anni in poi\"}]},{\"@type\":\"WebSite\",\"@id\":\"https:\/\/staging.vertikale.it\/it\/#website\",\"url\":\"https:\/\/staging.vertikale.it\/it\/\",\"name\":\"Vertikale\",\"description\":\"Kletterzentrum Brixen\",\"publisher\":{\"@id\":\"https:\/\/staging.vertikale.it\/it\/#organization\"},\"potentialAction\":[{\"@type\":\"SearchAction\",\"target\":{\"@type\":\"EntryPoint\",\"urlTemplate\":\"https:\/\/staging.vertikale.it\/it\/?s={search_term_string}\"},\"query-input\":{\"@type\":\"PropertyValueSpecification\",\"valueRequired\":true,\"valueName\":\"search_term_string\"}}],\"inLanguage\":\"it-IT\"},{\"@type\":\"Organization\",\"@id\":\"https:\/\/staging.vertikale.it\/it\/#organization\",\"name\":\"Vertikale\",\"url\":\"https:\/\/staging.vertikale.it\/it\/\",\"logo\":{\"@type\":\"ImageObject\",\"inLanguage\":\"it-IT\",\"@id\":\"https:\/\/staging.vertikale.it\/it\/#\/schema\/logo\/image\/\",\"url\":\"https:\/\/staging.vertikale.it\/wp-content\/uploads\/2021\/11\/Vertikale_logo_black-1.png\",\"contentUrl\":\"https:\/\/staging.vertikale.it\/wp-content\/uploads\/2021\/11\/Vertikale_logo_black-1.png\",\"width\":774,\"height\":678,\"caption\":\"Vertikale\"},\"image\":{\"@id\":\"https:\/\/staging.vertikale.it\/it\/#\/schema\/logo\/image\/\"}}]}<\/script>\n<!-- \/ Yoast SEO plugin. -->","yoast_head_json":{"title":"Corso base dagli 11 anni in poi - Vertikale","robots":{"index":"noindex","follow":"follow","max-snippet":"max-snippet:-1","max-image-preview":"max-image-preview:large","max-video-preview":"max-video-preview:-1"},"og_locale":"it_IT","og_type":"article","og_title":"Corso base dagli 11 anni in poi - Vertikale","og_description":"Il cane vecchio non si abitua alla catena&#8230; Te lo impareremo noi! Perch\u00e9 arrampicare e fare sicura devono essere imparati. Il nostro personale specializzato ti aiuter\u00e0 a diventare un eccellente scalatore, cos\u00ec che nulla possa ostacolare la tua spaziale esperienza dell\u2019arrampicata.","og_url":"https:\/\/staging.vertikale.it\/it\/produkt\/corso-base-dagli-11-in-poi\/","og_site_name":"Vertikale","article_modified_time":"2024-09-08T09:03:39+00:00","og_image":[{"width":1920,"height":1280,"url":"https:\/\/staging.vertikale.it\/wp-content\/uploads\/2022\/01\/klettertrainings_jugendliche.jpg","type":"image\/jpeg"}],"twitter_card":"summary_large_image","schema":{"@context":"https:\/\/schema.org","@graph":[{"@type":"WebPage","@id":"https:\/\/staging.vertikale.it\/it\/produkt\/corso-base-dagli-11-in-poi\/","url":"https:\/\/staging.vertikale.it\/it\/produkt\/corso-base-dagli-11-in-poi\/","name":"Corso base dagli 11 anni in poi - Vertikale","isPartOf":{"@id":"https:\/\/staging.vertikale.it\/it\/#website"},"primaryImageOfPage":{"@id":"https:\/\/staging.vertikale.it\/it\/produkt\/corso-base-dagli-11-in-poi\/#primaryimage"},"image":{"@id":"https:\/\/staging.vertikale.it\/it\/produkt\/corso-base-dagli-11-in-poi\/#primaryimage"},"thumbnailUrl":"https:\/\/staging.vertikale.it\/wp-content\/uploads\/2022\/01\/klettertrainings_jugendliche.jpg","datePublished":"2023-07-31T15:24:06+00:00","dateModified":"2024-09-08T09:03:39+00:00","breadcrumb":{"@id":"https:\/\/staging.vertikale.it\/it\/produkt\/corso-base-dagli-11-in-poi\/#breadcrumb"},"inLanguage":"it-IT","potentialAction":[{"@type":"ReadAction","target":["https:\/\/staging.vertikale.it\/it\/produkt\/corso-base-dagli-11-in-poi\/"]}]},{"@type":"ImageObject","inLanguage":"it-IT","@id":"https:\/\/staging.vertikale.it\/it\/produkt\/corso-base-dagli-11-in-poi\/#primaryimage","url":"https:\/\/staging.vertikale.it\/wp-content\/uploads\/2022\/01\/klettertrainings_jugendliche.jpg","contentUrl":"https:\/\/staging.vertikale.it\/wp-content\/uploads\/2022\/01\/klettertrainings_jugendliche.jpg","width":1920,"height":1280},{"@type":"BreadcrumbList","@id":"https:\/\/staging.vertikale.it\/it\/produkt\/corso-base-dagli-11-in-poi\/#breadcrumb","itemListElement":[{"@type":"ListItem","position":1,"name":"Home","item":"https:\/\/staging.vertikale.it\/it\/"},{"@type":"ListItem","position":2,"name":"Shop","item":"https:\/\/staging.vertikale.it\/shop\/"},{"@type":"ListItem","position":3,"name":"Corso base dagli 11 anni in poi"}]},{"@type":"WebSite","@id":"https:\/\/staging.vertikale.it\/it\/#website","url":"https:\/\/staging.vertikale.it\/it\/","name":"Vertikale","description":"Kletterzentrum Brixen","publisher":{"@id":"https:\/\/staging.vertikale.it\/it\/#organization"},"potentialAction":[{"@type":"SearchAction","target":{"@type":"EntryPoint","urlTemplate":"https:\/\/staging.vertikale.it\/it\/?s={search_term_string}"},"query-input":{"@type":"PropertyValueSpecification","valueRequired":true,"valueName":"search_term_string"}}],"inLanguage":"it-IT"},{"@type":"Organization","@id":"https:\/\/staging.vertikale.it\/it\/#organization","name":"Vertikale","url":"https:\/\/staging.vertikale.it\/it\/","logo":{"@type":"ImageObject","inLanguage":"it-IT","@id":"https:\/\/staging.vertikale.it\/it\/#\/schema\/logo\/image\/","url":"https:\/\/staging.vertikale.it\/wp-content\/uploads\/2021\/11\/Vertikale_logo_black-1.png","contentUrl":"https:\/\/staging.vertikale.it\/wp-content\/uploads\/2021\/11\/Vertikale_logo_black-1.png","width":774,"height":678,"caption":"Vertikale"},"image":{"@id":"https:\/\/staging.vertikale.it\/it\/#\/schema\/logo\/image\/"}}]}},"_links":{"self":[{"href":"https:\/\/staging.vertikale.it\/it\/wp-json\/wp\/v2\/product\/7788","targetHints":{"allow":["GET"]}}],"collection":[{"href":"https:\/\/staging.vertikale.it\/it\/wp-json\/wp\/v2\/product"}],"about":[{"href":"https:\/\/staging.vertikale.it\/it\/wp-json\/wp\/v2\/types\/product"}],"wp:featuredmedia":[{"embeddable":true,"href":"https:\/\/staging.vertikale.it\/it\/wp-json\/wp\/v2\/media\/3471"}],"wp:attachment":[{"href":"https:\/\/staging.vertikale.it\/it\/wp-json\/wp\/v2\/media?parent=7788"}],"wp:term":[{"taxonomy":"product_brand","embeddable":true,"href":"https:\/\/staging.vertikale.it\/it\/wp-json\/wp\/v2\/product_brand?post=7788"},{"taxonomy":"product_cat","embeddable":true,"href":"https:\/\/staging.vertikale.it\/it\/wp-json\/wp\/v2\/product_cat?post=7788"},{"taxonomy":"product_tag","embeddable":true,"href":"https:\/\/staging.vertikale.it\/it\/wp-json\/wp\/v2\/product_tag?post=7788"}],"curies":[{"name":"wp","href":"https:\/\/api.w.org\/{rel}","templated":true}]}}