{"id":7873,"date":"2023-08-03T14:51:35","date_gmt":"2023-08-03T12:51:35","guid":{"rendered":"https:\/\/staging.vertikale.it\/angebot\/corsi-di-arrampicata\/arrampicata-inclusiva\/"},"modified":"2024-07-18T11:20:56","modified_gmt":"2024-07-18T09:20:56","slug":"arrampicata-inclusiva","status":"publish","type":"page","link":"https:\/\/staging.vertikale.it\/it\/angebot\/corsi-di-arrampicata\/arrampicata-inclusiva\/","title":{"rendered":"Arrampicata inclusiva"},"content":{"rendered":"\t\t<div data-elementor-type=\"wp-page\" data-elementor-id=\"7873\" class=\"elementor elementor-7873 elementor-7867\" data-elementor-post-type=\"page\">\n\t\t\t\t<div class=\"elementor-element elementor-element-c11840c e-flex e-con-boxed e-con e-parent\" data-id=\"c11840c\" data-element_type=\"container\">\n\t\t\t\t\t<div class=\"e-con-inner\">\n\t\t<div class=\"elementor-element elementor-element-b6c2d2f e-con-full e-flex e-con e-child\" data-id=\"b6c2d2f\" data-element_type=\"container\" data-settings=\"{&quot;background_background&quot;:&quot;classic&quot;}\">\n\t\t\t\t<div class=\"elementor-element elementor-element-5f77c45 elementor-widget elementor-widget-heading\" data-id=\"5f77c45\" data-element_type=\"widget\" data-widget_type=\"heading.default\">\n\t\t\t\t<div class=\"elementor-widget-container\">\n\t\t\t\t\t<h2 class=\"elementor-heading-title elementor-size-default\">Arrampicare con una disabilit\u00e0<\/h2>\t\t\t\t<\/div>\n\t\t\t\t<\/div>\n\t\t\t\t<div class=\"elementor-element elementor-element-6555291 elementor-widget elementor-widget-text-editor\" data-id=\"6555291\" data-element_type=\"widget\" data-widget_type=\"text-editor.default\">\n\t\t\t\t<div class=\"elementor-widget-container\">\n\t\t\t\t\t\t\t\t\t<p>Arrampicare con una disabilit\u00e0 non \u00e8 possibile? Noi non la pensiamo cos\u00ec. Saremo felici di mostrarvelo. Non ci interessa se avete una disabilit\u00e0 fisica o mentale. L&#8217;importante \u00e8 che vogliate arrampicare.<\/p>\n<p>Il nostro piccolo gruppo \u00e8 composto da otto bambini con e senza disabilit\u00e0. Gli istruttori di arrampicata si occupano specificamente delle esigenze individuali di tutti i partecipanti del corso. Imbraghi per i pettorali e ausili speciali rendono possibile l&#8217;arrampicata anche a persone con minore stabilit\u00e0 e funzionalit\u00e0 corporea.<\/p>\n\t\t\t\t\t\t\t\t<\/div>\n\t\t\t\t<\/div>\n\t\t\t\t<div class=\"elementor-element elementor-element-9b60406 elementor-widget elementor-widget-text-editor\" data-id=\"9b60406\" data-element_type=\"widget\" data-widget_type=\"text-editor.default\">\n\t\t\t\t<div class=\"elementor-widget-container\">\n\t\t\t\t\t\t\t\t\t<p>Gli istruttori di arrampicata si riservano il diritto di effettuare una scielta dei partecipanti che potranno prendere parte al corso annuale.<\/p>\n\t\t\t\t\t\t\t\t<\/div>\n\t\t\t\t<\/div>\n\t\t\t\t<\/div>\n\t\t<div class=\"elementor-element elementor-element-62c6174 e-con-full e-flex e-con e-child\" data-id=\"62c6174\" data-element_type=\"container\" data-settings=\"{&quot;background_background&quot;:&quot;classic&quot;}\">\n\t\t\t\t<div class=\"elementor-element elementor-element-141613d elementor-widget elementor-widget-heading\" data-id=\"141613d\" data-element_type=\"widget\" data-widget_type=\"heading.default\">\n\t\t\t\t<div class=\"elementor-widget-container\">\n\t\t\t\t\t<h3 class=\"elementor-heading-title elementor-size-default\">Fascia di et\u00e0<\/h3>\t\t\t\t<\/div>\n\t\t\t\t<\/div>\n\t\t\t\t<div class=\"elementor-element elementor-element-998e91d elementor-widget elementor-widget-text-editor\" data-id=\"998e91d\" data-element_type=\"widget\" data-widget_type=\"text-editor.default\">\n\t\t\t\t<div class=\"elementor-widget-container\">\n\t\t\t\t\t\t\t\t\t<p>Nessun limite di et\u00e0<\/p>\n\t\t\t\t\t\t\t\t<\/div>\n\t\t\t\t<\/div>\n\t\t\t\t<div class=\"elementor-element elementor-element-13ec7b3 elementor-widget-divider--view-line elementor-widget elementor-widget-divider\" data-id=\"13ec7b3\" data-element_type=\"widget\" data-widget_type=\"divider.default\">\n\t\t\t\t<div class=\"elementor-widget-container\">\n\t\t\t\t\t\t\t<div class=\"elementor-divider\">\n\t\t\t<span class=\"elementor-divider-separator\">\n\t\t\t\t\t\t<\/span>\n\t\t<\/div>\n\t\t\t\t\t\t<\/div>\n\t\t\t\t<\/div>\n\t\t\t\t<div class=\"elementor-element elementor-element-d17644b elementor-widget elementor-widget-heading\" data-id=\"d17644b\" data-element_type=\"widget\" data-widget_type=\"heading.default\">\n\t\t\t\t<div class=\"elementor-widget-container\">\n\t\t\t\t\t<h3 class=\"elementor-heading-title elementor-size-default\">Requisiti<\/h3>\t\t\t\t<\/div>\n\t\t\t\t<\/div>\n\t\t\t\t<div class=\"elementor-element elementor-element-df1bbe3 elementor-widget elementor-widget-text-editor\" data-id=\"df1bbe3\" data-element_type=\"widget\" data-widget_type=\"text-editor.default\">\n\t\t\t\t<div class=\"elementor-widget-container\">\n\t\t\t\t\t\t\t\t\t<p>Il partecipante pu\u00f2 essere iscritto solo dopo\u00a0 aver consultato gli istruttori di arrampicata.<\/p>\n\t\t\t\t\t\t\t\t<\/div>\n\t\t\t\t<\/div>\n\t\t\t\t<div class=\"elementor-element elementor-element-7d2362e elementor-widget-divider--view-line elementor-widget elementor-widget-divider\" data-id=\"7d2362e\" data-element_type=\"widget\" data-widget_type=\"divider.default\">\n\t\t\t\t<div class=\"elementor-widget-container\">\n\t\t\t\t\t\t\t<div class=\"elementor-divider\">\n\t\t\t<span class=\"elementor-divider-separator\">\n\t\t\t\t\t\t<\/span>\n\t\t<\/div>\n\t\t\t\t\t\t<\/div>\n\t\t\t\t<\/div>\n\t\t\t\t<div class=\"elementor-element elementor-element-601f698 elementor-widget elementor-widget-heading\" data-id=\"601f698\" data-element_type=\"widget\" data-widget_type=\"heading.default\">\n\t\t\t\t<div class=\"elementor-widget-container\">\n\t\t\t\t\t<h3 class=\"elementor-heading-title elementor-size-default\">Periodo<\/h3>\t\t\t\t<\/div>\n\t\t\t\t<\/div>\n\t\t\t\t<div class=\"elementor-element elementor-element-75c0ead elementor-widget elementor-widget-text-editor\" data-id=\"75c0ead\" data-element_type=\"widget\" data-widget_type=\"text-editor.default\">\n\t\t\t\t<div class=\"elementor-widget-container\">\n\t\t\t\t\t\t\t\t\t<p>Mercoled\u00ec dalle ore 14.45-16.15<br \/>Dal 11.09.2024\/ max. 25 unit\u00e0<\/p>\n\t\t\t\t\t\t\t\t<\/div>\n\t\t\t\t<\/div>\n\t\t\t\t<div class=\"elementor-element elementor-element-3ce6365 elementor-widget-divider--view-line elementor-widget elementor-widget-divider\" data-id=\"3ce6365\" data-element_type=\"widget\" data-widget_type=\"divider.default\">\n\t\t\t\t<div class=\"elementor-widget-container\">\n\t\t\t\t\t\t\t<div class=\"elementor-divider\">\n\t\t\t<span class=\"elementor-divider-separator\">\n\t\t\t\t\t\t<\/span>\n\t\t<\/div>\n\t\t\t\t\t\t<\/div>\n\t\t\t\t<\/div>\n\t\t\t\t<div class=\"elementor-element elementor-element-ba2de9e elementor-widget elementor-widget-heading\" data-id=\"ba2de9e\" data-element_type=\"widget\" data-widget_type=\"heading.default\">\n\t\t\t\t<div class=\"elementor-widget-container\">\n\t\t\t\t\t<h3 class=\"elementor-heading-title elementor-size-default\">Luogo del corso<\/h3>\t\t\t\t<\/div>\n\t\t\t\t<\/div>\n\t\t\t\t<div class=\"elementor-element elementor-element-8565b00 elementor-widget elementor-widget-text-editor\" data-id=\"8565b00\" data-element_type=\"widget\" data-widget_type=\"text-editor.default\">\n\t\t\t\t<div class=\"elementor-widget-container\">\n\t\t\t\t\t\t\t\t\t<p>Vertikale &#8211; Centro di arrampicata di Bressanone<\/p>\n\t\t\t\t\t\t\t\t<\/div>\n\t\t\t\t<\/div>\n\t\t\t\t<div class=\"elementor-element elementor-element-0bf3946 elementor-widget-divider--view-line elementor-widget elementor-widget-divider\" data-id=\"0bf3946\" data-element_type=\"widget\" data-widget_type=\"divider.default\">\n\t\t\t\t<div class=\"elementor-widget-container\">\n\t\t\t\t\t\t\t<div class=\"elementor-divider\">\n\t\t\t<span class=\"elementor-divider-separator\">\n\t\t\t\t\t\t<\/span>\n\t\t<\/div>\n\t\t\t\t\t\t<\/div>\n\t\t\t\t<\/div>\n\t\t\t\t<div class=\"elementor-element elementor-element-ddbee6a elementor-widget elementor-widget-heading\" data-id=\"ddbee6a\" data-element_type=\"widget\" data-widget_type=\"heading.default\">\n\t\t\t\t<div class=\"elementor-widget-container\">\n\t\t\t\t\t<h3 class=\"elementor-heading-title elementor-size-default\">Numero massimo di partecipanti<\/h3>\t\t\t\t<\/div>\n\t\t\t\t<\/div>\n\t\t\t\t<div class=\"elementor-element elementor-element-4d8de53 elementor-widget elementor-widget-text-editor\" data-id=\"4d8de53\" data-element_type=\"widget\" data-widget_type=\"text-editor.default\">\n\t\t\t\t<div class=\"elementor-widget-container\">\n\t\t\t\t\t\t\t\t\t<p>8<\/p>\n\t\t\t\t\t\t\t\t<\/div>\n\t\t\t\t<\/div>\n\t\t\t\t<div class=\"elementor-element elementor-element-d871689 elementor-widget-divider--view-line elementor-widget elementor-widget-divider\" data-id=\"d871689\" data-element_type=\"widget\" data-widget_type=\"divider.default\">\n\t\t\t\t<div class=\"elementor-widget-container\">\n\t\t\t\t\t\t\t<div class=\"elementor-divider\">\n\t\t\t<span class=\"elementor-divider-separator\">\n\t\t\t\t\t\t<\/span>\n\t\t<\/div>\n\t\t\t\t\t\t<\/div>\n\t\t\t\t<\/div>\n\t\t\t\t<div class=\"elementor-element elementor-element-b568ee4 elementor-widget elementor-widget-heading\" data-id=\"b568ee4\" data-element_type=\"widget\" data-widget_type=\"heading.default\">\n\t\t\t\t<div class=\"elementor-widget-container\">\n\t\t\t\t\t<h3 class=\"elementor-heading-title elementor-size-default\">Periodo di registrazione<\/h3>\t\t\t\t<\/div>\n\t\t\t\t<\/div>\n\t\t\t\t<div class=\"elementor-element elementor-element-a63efb9 elementor-widget elementor-widget-text-editor\" data-id=\"a63efb9\" data-element_type=\"widget\" data-widget_type=\"text-editor.default\">\n\t\t\t\t<div class=\"elementor-widget-container\">\n\t\t\t\t\t\t\t\t\t<p>Dal 05.08.2024. Esclusivamente in loco presso Vertikale Bressanone, Piazza Priel 9, 39042 Bressanone.<\/p>\n\t\t\t\t\t\t\t\t<\/div>\n\t\t\t\t<\/div>\n\t\t\t\t<\/div>\n\t\t\t\t\t<\/div>\n\t\t\t\t<\/div>\n\t\t<div class=\"elementor-element elementor-element-7beaa15 e-flex e-con-boxed e-con e-parent\" data-id=\"7beaa15\" data-element_type=\"container\">\n\t\t\t\t\t<div class=\"e-con-inner\">\n\t\t<div class=\"elementor-element elementor-element-1fca202 e-flex e-con-boxed e-con e-child\" data-id=\"1fca202\" data-element_type=\"container\" data-settings=\"{&quot;background_background&quot;:&quot;classic&quot;}\">\n\t\t\t\t\t<div class=\"e-con-inner\">\n\t\t\t\t<div class=\"elementor-element elementor-element-60a7000 elementor-widget elementor-widget-heading\" data-id=\"60a7000\" data-element_type=\"widget\" data-widget_type=\"heading.default\">\n\t\t\t\t<div class=\"elementor-widget-container\">\n\t\t\t\t\t<div class=\"elementor-heading-title elementor-size-default\">Costi: 295,00 \u20ac<\/div>\t\t\t\t<\/div>\n\t\t\t\t<\/div>\n\t\t\t\t\t<\/div>\n\t\t\t\t<\/div>\n\t\t\t\t\t<\/div>\n\t\t\t\t<\/div>\n\t\t\t\t<\/div>\n\t\t","protected":false},"excerpt":{"rendered":"<p>Arrampicare con una disabilit\u00e0 Arrampicare con una disabilit\u00e0 non \u00e8 possibile? Noi non la pensiamo cos\u00ec. Saremo felici di mostrarvelo. Non ci interessa se avete una disabilit\u00e0 fisica o mentale. L&#8217;importante \u00e8 che vogliate arrampicare. Il nostro piccolo gruppo \u00e8 composto da otto bambini con e senza disabilit\u00e0. Gli istruttori di arrampicata si occupano specificamente [&hellip;]<\/p>\n","protected":false},"author":1,"featured_media":7858,"parent":3558,"menu_order":0,"comment_status":"closed","ping_status":"closed","template":"","meta":{"_acf_changed":false,"footnotes":""},"class_list":["post-7873","page","type-page","status-publish","has-post-thumbnail","hentry"],"acf":[],"yoast_head":"<!-- This site is optimized with the Yoast SEO plugin v25.8 - https:\/\/yoast.com\/wordpress\/plugins\/seo\/ -->\n<title>Arrampicata inclusiva - Vertikale<\/title>\n<meta name=\"robots\" content=\"noindex, follow, max-snippet:-1, max-image-preview:large, max-video-preview:-1\" \/>\n<meta property=\"og:locale\" content=\"it_IT\" \/>\n<meta property=\"og:type\" content=\"article\" \/>\n<meta property=\"og:title\" content=\"Arrampicata inclusiva - Vertikale\" \/>\n<meta property=\"og:description\" content=\"Arrampicare con una disabilit\u00e0 Arrampicare con una disabilit\u00e0 non \u00e8 possibile? Noi non la pensiamo cos\u00ec. Saremo felici di mostrarvelo. Non ci interessa se avete una disabilit\u00e0 fisica o mentale. L&#8217;importante \u00e8 che vogliate arrampicare. Il nostro piccolo gruppo \u00e8 composto da otto bambini con e senza disabilit\u00e0. Gli istruttori di arrampicata si occupano specificamente [&hellip;]\" \/>\n<meta property=\"og:url\" content=\"https:\/\/staging.vertikale.it\/it\/angebot\/corsi-di-arrampicata\/arrampicata-inclusiva\/\" \/>\n<meta property=\"og:site_name\" content=\"Vertikale\" \/>\n<meta property=\"article:modified_time\" content=\"2024-07-18T09:20:56+00:00\" \/>\n<meta property=\"og:image\" content=\"https:\/\/staging.vertikale.it\/wp-content\/uploads\/2023\/08\/inklusionskurse.jpg\" \/>\n\t<meta property=\"og:image:width\" content=\"1920\" \/>\n\t<meta property=\"og:image:height\" content=\"1280\" \/>\n\t<meta property=\"og:image:type\" content=\"image\/jpeg\" \/>\n<meta name=\"twitter:card\" content=\"summary_large_image\" \/>\n<meta name=\"twitter:label1\" content=\"Tempo di lettura stimato\" \/>\n\t<meta name=\"twitter:data1\" content=\"1 minuto\" \/>\n<script type=\"application\/ld+json\" class=\"yoast-schema-graph\">{\"@context\":\"https:\/\/schema.org\",\"@graph\":[{\"@type\":\"WebPage\",\"@id\":\"https:\/\/staging.vertikale.it\/it\/angebot\/corsi-di-arrampicata\/arrampicata-inclusiva\/\",\"url\":\"https:\/\/staging.vertikale.it\/it\/angebot\/corsi-di-arrampicata\/arrampicata-inclusiva\/\",\"name\":\"Arrampicata inclusiva - Vertikale\",\"isPartOf\":{\"@id\":\"https:\/\/staging.vertikale.it\/it\/#website\"},\"primaryImageOfPage\":{\"@id\":\"https:\/\/staging.vertikale.it\/it\/angebot\/corsi-di-arrampicata\/arrampicata-inclusiva\/#primaryimage\"},\"image\":{\"@id\":\"https:\/\/staging.vertikale.it\/it\/angebot\/corsi-di-arrampicata\/arrampicata-inclusiva\/#primaryimage\"},\"thumbnailUrl\":\"https:\/\/staging.vertikale.it\/wp-content\/uploads\/2023\/08\/inklusionskurse.jpg\",\"datePublished\":\"2023-08-03T12:51:35+00:00\",\"dateModified\":\"2024-07-18T09:20:56+00:00\",\"breadcrumb\":{\"@id\":\"https:\/\/staging.vertikale.it\/it\/angebot\/corsi-di-arrampicata\/arrampicata-inclusiva\/#breadcrumb\"},\"inLanguage\":\"it-IT\",\"potentialAction\":[{\"@type\":\"ReadAction\",\"target\":[\"https:\/\/staging.vertikale.it\/it\/angebot\/corsi-di-arrampicata\/arrampicata-inclusiva\/\"]}]},{\"@type\":\"ImageObject\",\"inLanguage\":\"it-IT\",\"@id\":\"https:\/\/staging.vertikale.it\/it\/angebot\/corsi-di-arrampicata\/arrampicata-inclusiva\/#primaryimage\",\"url\":\"https:\/\/staging.vertikale.it\/wp-content\/uploads\/2023\/08\/inklusionskurse.jpg\",\"contentUrl\":\"https:\/\/staging.vertikale.it\/wp-content\/uploads\/2023\/08\/inklusionskurse.jpg\",\"width\":1920,\"height\":1280},{\"@type\":\"BreadcrumbList\",\"@id\":\"https:\/\/staging.vertikale.it\/it\/angebot\/corsi-di-arrampicata\/arrampicata-inclusiva\/#breadcrumb\",\"itemListElement\":[{\"@type\":\"ListItem\",\"position\":1,\"name\":\"Home\",\"item\":\"https:\/\/staging.vertikale.it\/it\/\"},{\"@type\":\"ListItem\",\"position\":2,\"name\":\"Offerta\",\"item\":\"https:\/\/staging.vertikale.it\/it\/angebot\/\"},{\"@type\":\"ListItem\",\"position\":3,\"name\":\"Corsi di arrampicata\",\"item\":\"https:\/\/staging.vertikale.it\/it\/angebot\/kletterkurse\/\"},{\"@type\":\"ListItem\",\"position\":4,\"name\":\"Arrampicata inclusiva\"}]},{\"@type\":\"WebSite\",\"@id\":\"https:\/\/staging.vertikale.it\/it\/#website\",\"url\":\"https:\/\/staging.vertikale.it\/it\/\",\"name\":\"Vertikale\",\"description\":\"Kletterzentrum Brixen\",\"publisher\":{\"@id\":\"https:\/\/staging.vertikale.it\/it\/#organization\"},\"potentialAction\":[{\"@type\":\"SearchAction\",\"target\":{\"@type\":\"EntryPoint\",\"urlTemplate\":\"https:\/\/staging.vertikale.it\/it\/?s={search_term_string}\"},\"query-input\":{\"@type\":\"PropertyValueSpecification\",\"valueRequired\":true,\"valueName\":\"search_term_string\"}}],\"inLanguage\":\"it-IT\"},{\"@type\":\"Organization\",\"@id\":\"https:\/\/staging.vertikale.it\/it\/#organization\",\"name\":\"Vertikale\",\"url\":\"https:\/\/staging.vertikale.it\/it\/\",\"logo\":{\"@type\":\"ImageObject\",\"inLanguage\":\"it-IT\",\"@id\":\"https:\/\/staging.vertikale.it\/it\/#\/schema\/logo\/image\/\",\"url\":\"https:\/\/staging.vertikale.it\/wp-content\/uploads\/2021\/11\/Vertikale_logo_black-1.png\",\"contentUrl\":\"https:\/\/staging.vertikale.it\/wp-content\/uploads\/2021\/11\/Vertikale_logo_black-1.png\",\"width\":774,\"height\":678,\"caption\":\"Vertikale\"},\"image\":{\"@id\":\"https:\/\/staging.vertikale.it\/it\/#\/schema\/logo\/image\/\"}}]}<\/script>\n<!-- \/ Yoast SEO plugin. -->","yoast_head_json":{"title":"Arrampicata inclusiva - Vertikale","robots":{"index":"noindex","follow":"follow","max-snippet":"max-snippet:-1","max-image-preview":"max-image-preview:large","max-video-preview":"max-video-preview:-1"},"og_locale":"it_IT","og_type":"article","og_title":"Arrampicata inclusiva - Vertikale","og_description":"Arrampicare con una disabilit\u00e0 Arrampicare con una disabilit\u00e0 non \u00e8 possibile? Noi non la pensiamo cos\u00ec. Saremo felici di mostrarvelo. Non ci interessa se avete una disabilit\u00e0 fisica o mentale. L&#8217;importante \u00e8 che vogliate arrampicare. Il nostro piccolo gruppo \u00e8 composto da otto bambini con e senza disabilit\u00e0. Gli istruttori di arrampicata si occupano specificamente [&hellip;]","og_url":"https:\/\/staging.vertikale.it\/it\/angebot\/corsi-di-arrampicata\/arrampicata-inclusiva\/","og_site_name":"Vertikale","article_modified_time":"2024-07-18T09:20:56+00:00","og_image":[{"width":1920,"height":1280,"url":"https:\/\/staging.vertikale.it\/wp-content\/uploads\/2023\/08\/inklusionskurse.jpg","type":"image\/jpeg"}],"twitter_card":"summary_large_image","twitter_misc":{"Tempo di lettura stimato":"1 minuto"},"schema":{"@context":"https:\/\/schema.org","@graph":[{"@type":"WebPage","@id":"https:\/\/staging.vertikale.it\/it\/angebot\/corsi-di-arrampicata\/arrampicata-inclusiva\/","url":"https:\/\/staging.vertikale.it\/it\/angebot\/corsi-di-arrampicata\/arrampicata-inclusiva\/","name":"Arrampicata inclusiva - Vertikale","isPartOf":{"@id":"https:\/\/staging.vertikale.it\/it\/#website"},"primaryImageOfPage":{"@id":"https:\/\/staging.vertikale.it\/it\/angebot\/corsi-di-arrampicata\/arrampicata-inclusiva\/#primaryimage"},"image":{"@id":"https:\/\/staging.vertikale.it\/it\/angebot\/corsi-di-arrampicata\/arrampicata-inclusiva\/#primaryimage"},"thumbnailUrl":"https:\/\/staging.vertikale.it\/wp-content\/uploads\/2023\/08\/inklusionskurse.jpg","datePublished":"2023-08-03T12:51:35+00:00","dateModified":"2024-07-18T09:20:56+00:00","breadcrumb":{"@id":"https:\/\/staging.vertikale.it\/it\/angebot\/corsi-di-arrampicata\/arrampicata-inclusiva\/#breadcrumb"},"inLanguage":"it-IT","potentialAction":[{"@type":"ReadAction","target":["https:\/\/staging.vertikale.it\/it\/angebot\/corsi-di-arrampicata\/arrampicata-inclusiva\/"]}]},{"@type":"ImageObject","inLanguage":"it-IT","@id":"https:\/\/staging.vertikale.it\/it\/angebot\/corsi-di-arrampicata\/arrampicata-inclusiva\/#primaryimage","url":"https:\/\/staging.vertikale.it\/wp-content\/uploads\/2023\/08\/inklusionskurse.jpg","contentUrl":"https:\/\/staging.vertikale.it\/wp-content\/uploads\/2023\/08\/inklusionskurse.jpg","width":1920,"height":1280},{"@type":"BreadcrumbList","@id":"https:\/\/staging.vertikale.it\/it\/angebot\/corsi-di-arrampicata\/arrampicata-inclusiva\/#breadcrumb","itemListElement":[{"@type":"ListItem","position":1,"name":"Home","item":"https:\/\/staging.vertikale.it\/it\/"},{"@type":"ListItem","position":2,"name":"Offerta","item":"https:\/\/staging.vertikale.it\/it\/angebot\/"},{"@type":"ListItem","position":3,"name":"Corsi di arrampicata","item":"https:\/\/staging.vertikale.it\/it\/angebot\/kletterkurse\/"},{"@type":"ListItem","position":4,"name":"Arrampicata inclusiva"}]},{"@type":"WebSite","@id":"https:\/\/staging.vertikale.it\/it\/#website","url":"https:\/\/staging.vertikale.it\/it\/","name":"Vertikale","description":"Kletterzentrum Brixen","publisher":{"@id":"https:\/\/staging.vertikale.it\/it\/#organization"},"potentialAction":[{"@type":"SearchAction","target":{"@type":"EntryPoint","urlTemplate":"https:\/\/staging.vertikale.it\/it\/?s={search_term_string}"},"query-input":{"@type":"PropertyValueSpecification","valueRequired":true,"valueName":"search_term_string"}}],"inLanguage":"it-IT"},{"@type":"Organization","@id":"https:\/\/staging.vertikale.it\/it\/#organization","name":"Vertikale","url":"https:\/\/staging.vertikale.it\/it\/","logo":{"@type":"ImageObject","inLanguage":"it-IT","@id":"https:\/\/staging.vertikale.it\/it\/#\/schema\/logo\/image\/","url":"https:\/\/staging.vertikale.it\/wp-content\/uploads\/2021\/11\/Vertikale_logo_black-1.png","contentUrl":"https:\/\/staging.vertikale.it\/wp-content\/uploads\/2021\/11\/Vertikale_logo_black-1.png","width":774,"height":678,"caption":"Vertikale"},"image":{"@id":"https:\/\/staging.vertikale.it\/it\/#\/schema\/logo\/image\/"}}]}},"_links":{"self":[{"href":"https:\/\/staging.vertikale.it\/it\/wp-json\/wp\/v2\/pages\/7873","targetHints":{"allow":["GET"]}}],"collection":[{"href":"https:\/\/staging.vertikale.it\/it\/wp-json\/wp\/v2\/pages"}],"about":[{"href":"https:\/\/staging.vertikale.it\/it\/wp-json\/wp\/v2\/types\/page"}],"author":[{"embeddable":true,"href":"https:\/\/staging.vertikale.it\/it\/wp-json\/wp\/v2\/users\/1"}],"replies":[{"embeddable":true,"href":"https:\/\/staging.vertikale.it\/it\/wp-json\/wp\/v2\/comments?post=7873"}],"version-history":[{"count":4,"href":"https:\/\/staging.vertikale.it\/it\/wp-json\/wp\/v2\/pages\/7873\/revisions"}],"predecessor-version":[{"id":9887,"href":"https:\/\/staging.vertikale.it\/it\/wp-json\/wp\/v2\/pages\/7873\/revisions\/9887"}],"up":[{"embeddable":true,"href":"https:\/\/staging.vertikale.it\/it\/wp-json\/wp\/v2\/pages\/3558"}],"wp:featuredmedia":[{"embeddable":true,"href":"https:\/\/staging.vertikale.it\/it\/wp-json\/wp\/v2\/media\/7858"}],"wp:attachment":[{"href":"https:\/\/staging.vertikale.it\/it\/wp-json\/wp\/v2\/media?parent=7873"}],"curies":[{"name":"wp","href":"https:\/\/api.w.org\/{rel}","templated":true}]}}