{"id":3692,"date":"2022-02-21T17:01:58","date_gmt":"2022-02-21T16:01:58","guid":{"rendered":"https:\/\/vertikale.freiundzeit-dev.it\/aktuelles\/"},"modified":"2022-03-04T13:06:23","modified_gmt":"2022-03-04T12:06:23","slug":"aktuelles","status":"publish","type":"page","link":"https:\/\/staging.vertikale.it\/it\/aktuelles\/","title":{"rendered":"Attualit\u00e0"},"content":{"rendered":"\t\t<div data-elementor-type=\"wp-page\" data-elementor-id=\"3692\" class=\"elementor elementor-3692 elementor-2280\" data-elementor-post-type=\"page\">\n\t\t\t\t\t\t<section class=\"elementor-section elementor-top-section elementor-element elementor-element-a45cc76 elementor-section-boxed elementor-section-height-default elementor-section-height-default\" data-id=\"a45cc76\" data-element_type=\"section\">\n\t\t\t\t\t\t<div class=\"elementor-container elementor-column-gap-default\">\n\t\t\t\t\t<div class=\"elementor-column elementor-col-50 elementor-top-column elementor-element elementor-element-5d1dc17\" data-id=\"5d1dc17\" data-element_type=\"column\" data-settings=\"{&quot;background_background&quot;:&quot;classic&quot;}\">\n\t\t\t<div class=\"elementor-widget-wrap elementor-element-populated\">\n\t\t\t\t\t\t<div class=\"elementor-element elementor-element-213ce06 elementor-widget elementor-widget-heading\" data-id=\"213ce06\" data-element_type=\"widget\" data-widget_type=\"heading.default\">\n\t\t\t\t<div class=\"elementor-widget-container\">\n\t\t\t\t\t<h2 class=\"elementor-heading-title elementor-size-default\">Novit\u00e0<\/h2>\t\t\t\t<\/div>\n\t\t\t\t<\/div>\n\t\t\t\t<div class=\"elementor-element elementor-element-03315c2 elementor-widget elementor-widget-text-editor\" data-id=\"03315c2\" data-element_type=\"widget\" data-widget_type=\"text-editor.default\">\n\t\t\t\t<div class=\"elementor-widget-container\">\n\t\t\t\t\t\t\t\t\t<p>In questo momento di volatilit\u00e0 e imprevedibilit\u00e0, ci sono sempre buone notizie e notizie meno buone da segnalare. Tutte le novit\u00e0 degne di nota ti verranno comunicate qui!<\/p>\t\t\t\t\t\t\t\t<\/div>\n\t\t\t\t<\/div>\n\t\t\t\t<div class=\"elementor-element elementor-element-f796f28 elementor-grid-1 elementor-grid-tablet-1 elementor-posts--thumbnail-top elementor-grid-mobile-1 elementor-widget elementor-widget-posts\" data-id=\"f796f28\" data-element_type=\"widget\" data-settings=\"{&quot;custom_columns&quot;:&quot;1&quot;,&quot;custom_columns_tablet&quot;:&quot;1&quot;,&quot;custom_columns_mobile&quot;:&quot;1&quot;,&quot;custom_row_gap&quot;:{&quot;unit&quot;:&quot;px&quot;,&quot;size&quot;:35,&quot;sizes&quot;:[]},&quot;custom_row_gap_tablet&quot;:{&quot;unit&quot;:&quot;px&quot;,&quot;size&quot;:&quot;&quot;,&quot;sizes&quot;:[]},&quot;custom_row_gap_mobile&quot;:{&quot;unit&quot;:&quot;px&quot;,&quot;size&quot;:&quot;&quot;,&quot;sizes&quot;:[]}}\" data-widget_type=\"posts.custom\">\n\t\t\t\t<div class=\"elementor-widget-container\">\n\t\t\t\t\t      <div class=\"ecs-posts elementor-posts-container elementor-posts   elementor-grid elementor-posts--skin-custom\" data-settings=\"{&quot;current_page&quot;:1,&quot;max_num_pages&quot;:0,&quot;load_method&quot;:&quot;&quot;,&quot;widget_id&quot;:&quot;f796f28&quot;,&quot;post_id&quot;:3692,&quot;theme_id&quot;:3692,&quot;change_url&quot;:false,&quot;reinit_js&quot;:false}\">\n      <div class=\"elementor-posts-nothing-found\"><\/div>\t\t<\/div>\n\t\t\t\t\t\t<\/div>\n\t\t\t\t<\/div>\n\t\t\t\t<div class=\"elementor-element elementor-element-4a2454a elementor-align-right elementor-widget elementor-widget-button\" data-id=\"4a2454a\" data-element_type=\"widget\" data-widget_type=\"button.default\">\n\t\t\t\t<div class=\"elementor-widget-container\">\n\t\t\t\t\t\t\t\t\t<div class=\"elementor-button-wrapper\">\n\t\t\t\t\t<a class=\"elementor-button elementor-button-link elementor-size-sm\" href=\"https:\/\/staging.vertikale.it\/it\/aktuelles\/novita\/\">\n\t\t\t\t\t\t<span class=\"elementor-button-content-wrapper\">\n\t\t\t\t\t\t\t\t\t<span class=\"elementor-button-text\">Tutte le notizie<\/span>\n\t\t\t\t\t<\/span>\n\t\t\t\t\t<\/a>\n\t\t\t\t<\/div>\n\t\t\t\t\t\t\t\t<\/div>\n\t\t\t\t<\/div>\n\t\t\t\t\t<\/div>\n\t\t<\/div>\n\t\t\t\t<div class=\"elementor-column elementor-col-50 elementor-top-column elementor-element elementor-element-b6200c9\" data-id=\"b6200c9\" data-element_type=\"column\" data-settings=\"{&quot;background_background&quot;:&quot;classic&quot;}\">\n\t\t\t<div class=\"elementor-widget-wrap elementor-element-populated\">\n\t\t\t\t\t\t<div class=\"elementor-element elementor-element-3c7da87 elementor-widget elementor-widget-heading\" data-id=\"3c7da87\" data-element_type=\"widget\" data-widget_type=\"heading.default\">\n\t\t\t\t<div class=\"elementor-widget-container\">\n\t\t\t\t\t<h2 class=\"elementor-heading-title elementor-size-default\">Eventi<\/h2>\t\t\t\t<\/div>\n\t\t\t\t<\/div>\n\t\t\t\t<div class=\"elementor-element elementor-element-40af950 elementor-widget elementor-widget-text-editor\" data-id=\"40af950\" data-element_type=\"widget\" data-widget_type=\"text-editor.default\">\n\t\t\t\t<div class=\"elementor-widget-container\">\n\t\t\t\t\t\t\t\t\t<p>C&#8217;\u00e8 sempre qualcosa da fare con noi! Ci sono gare, serate di boulder e tanti altri eventi da vivere. <br>Se non sei stato in grado di essere l\u00ec, sfoglia semplicemente la nostra sezione &#8220;Ritorno al passato&#8221;. <\/p>\t\t\t\t\t\t\t\t<\/div>\n\t\t\t\t<\/div>\n\t\t\t\t<div class=\"elementor-element elementor-element-cf9e6cd elementor-grid-1 elementor-grid-tablet-1 elementor-posts--thumbnail-top elementor-grid-mobile-1 elementor-widget elementor-widget-posts\" data-id=\"cf9e6cd\" data-element_type=\"widget\" data-settings=\"{&quot;custom_columns&quot;:&quot;1&quot;,&quot;custom_columns_tablet&quot;:&quot;1&quot;,&quot;custom_columns_mobile&quot;:&quot;1&quot;,&quot;custom_row_gap&quot;:{&quot;unit&quot;:&quot;px&quot;,&quot;size&quot;:35,&quot;sizes&quot;:[]},&quot;custom_row_gap_tablet&quot;:{&quot;unit&quot;:&quot;px&quot;,&quot;size&quot;:&quot;&quot;,&quot;sizes&quot;:[]},&quot;custom_row_gap_mobile&quot;:{&quot;unit&quot;:&quot;px&quot;,&quot;size&quot;:&quot;&quot;,&quot;sizes&quot;:[]}}\" data-widget_type=\"posts.custom\">\n\t\t\t\t<div class=\"elementor-widget-container\">\n\t\t\t\t\t\t\t<div data-elementor-type=\"section\" data-elementor-id=\"4931\" class=\"elementor elementor-4931 elementor-4927\" data-elementor-post-type=\"elementor_library\">\n\t\t\t\t\t<section class=\"elementor-section elementor-top-section elementor-element elementor-element-1479a14 elementor-section-boxed elementor-section-height-default elementor-section-height-default\" data-id=\"1479a14\" data-element_type=\"section\">\n\t\t\t\t\t\t<div class=\"elementor-container elementor-column-gap-default\">\n\t\t\t\t\t<div class=\"elementor-column elementor-col-100 elementor-top-column elementor-element elementor-element-ae92ba4\" data-id=\"ae92ba4\" data-element_type=\"column\">\n\t\t\t<div class=\"elementor-widget-wrap elementor-element-populated\">\n\t\t\t\t\t\t<div class=\"elementor-element elementor-element-bd3bea0 elementor-widget elementor-widget-text-editor\" data-id=\"bd3bea0\" data-element_type=\"widget\" data-widget_type=\"text-editor.default\">\n\t\t\t\t<div class=\"elementor-widget-container\">\n\t\t\t\t\t\t\t\t\t<p>Al momento non ci sono eventi in programma! Ma non preoccuparti, presto succeder\u00e0 davvero qualcosa con noi! Non esitare e vieni a trovarci! Anche senza un evento ci si pu\u00f2 divertire un sacco nella Vertikale!<\/p>\t\t\t\t\t\t\t\t<\/div>\n\t\t\t\t<\/div>\n\t\t\t\t\t<\/div>\n\t\t<\/div>\n\t\t\t\t\t<\/div>\n\t\t<\/section>\n\t\t\t\t<\/div>\n\t\t      <div class=\"ecs-posts elementor-posts-container elementor-posts   elementor-grid elementor-posts--skin-custom\" data-settings=\"{&quot;current_page&quot;:1,&quot;max_num_pages&quot;:0,&quot;load_method&quot;:&quot;&quot;,&quot;widget_id&quot;:&quot;cf9e6cd&quot;,&quot;post_id&quot;:3692,&quot;theme_id&quot;:3692,&quot;change_url&quot;:false,&quot;reinit_js&quot;:false}\">\n      <div class=\"elementor-posts-nothing-found\"><\/div>\t\t<\/div>\n\t\t\t\t\t\t<\/div>\n\t\t\t\t<\/div>\n\t\t\t\t<div class=\"elementor-element elementor-element-06401b6 elementor-align-right elementor-widget elementor-widget-button\" data-id=\"06401b6\" data-element_type=\"widget\" data-widget_type=\"button.default\">\n\t\t\t\t<div class=\"elementor-widget-container\">\n\t\t\t\t\t\t\t\t\t<div class=\"elementor-button-wrapper\">\n\t\t\t\t\t<a class=\"elementor-button elementor-button-link elementor-size-sm\" href=\"https:\/\/staging.vertikale.it\/it\/aktuelles\/eventi\/\">\n\t\t\t\t\t\t<span class=\"elementor-button-content-wrapper\">\n\t\t\t\t\t\t\t\t\t<span class=\"elementor-button-text\">Tutti gli eventi<\/span>\n\t\t\t\t\t<\/span>\n\t\t\t\t\t<\/a>\n\t\t\t\t<\/div>\n\t\t\t\t\t\t\t\t<\/div>\n\t\t\t\t<\/div>\n\t\t\t\t\t<\/div>\n\t\t<\/div>\n\t\t\t\t\t<\/div>\n\t\t<\/section>\n\t\t\t\t<section class=\"elementor-section elementor-top-section elementor-element elementor-element-8a0dad1 elementor-section-boxed elementor-section-height-default elementor-section-height-default\" data-id=\"8a0dad1\" data-element_type=\"section\">\n\t\t\t\t\t\t<div class=\"elementor-container elementor-column-gap-default\">\n\t\t\t\t\t<div class=\"elementor-column elementor-col-50 elementor-top-column elementor-element elementor-element-cd1ab63\" data-id=\"cd1ab63\" data-element_type=\"column\" data-settings=\"{&quot;background_background&quot;:&quot;classic&quot;}\">\n\t\t\t<div class=\"elementor-widget-wrap elementor-element-populated\">\n\t\t\t\t\t\t<div class=\"elementor-element elementor-element-bb1545f elementor-widget elementor-widget-heading\" data-id=\"bb1545f\" data-element_type=\"widget\" data-widget_type=\"heading.default\">\n\t\t\t\t<div class=\"elementor-widget-container\">\n\t\t\t\t\t<h2 class=\"elementor-heading-title elementor-size-default\">Percorsi e massi attuali<\/h2>\t\t\t\t<\/div>\n\t\t\t\t<\/div>\n\t\t\t\t<div class=\"elementor-element elementor-element-7f364c6 elementor-widget elementor-widget-text-editor\" data-id=\"7f364c6\" data-element_type=\"widget\" data-widget_type=\"text-editor.default\">\n\t\t\t\t<div class=\"elementor-widget-container\">\n\t\t\t\t\t\t\t\t\t<p>Informazioni sulle nostre attuali rotte e classifiche possono essere trovate qui <span style=\"text-decoration: underline;\"><a href=\"https:\/\/staging.vertikale.it\/it\/vie-e-boulder-attuali\/\">nell&#8217;app Vertical Life!<\/a><\/span><\/p>\t\t\t\t\t\t\t\t<\/div>\n\t\t\t\t<\/div>\n\t\t\t\t\t<\/div>\n\t\t<\/div>\n\t\t\t\t<div class=\"elementor-column elementor-col-50 elementor-top-column elementor-element elementor-element-b3cb973\" data-id=\"b3cb973\" data-element_type=\"column\" data-settings=\"{&quot;background_background&quot;:&quot;classic&quot;}\">\n\t\t\t<div class=\"elementor-widget-wrap elementor-element-populated\">\n\t\t\t\t\t\t<div class=\"elementor-element elementor-element-95e15d6 elementor-widget elementor-widget-heading\" data-id=\"95e15d6\" data-element_type=\"widget\" data-widget_type=\"heading.default\">\n\t\t\t\t<div class=\"elementor-widget-container\">\n\t\t\t\t\t<h2 class=\"elementor-heading-title elementor-size-default\">Competizioni<\/h2>\t\t\t\t<\/div>\n\t\t\t\t<\/div>\n\t\t\t\t<div class=\"elementor-element elementor-element-3d697f3 elementor-widget elementor-widget-text-editor\" data-id=\"3d697f3\" data-element_type=\"widget\" data-widget_type=\"text-editor.default\">\n\t\t\t\t<div class=\"elementor-widget-container\">\n\t\t\t\t\t\t\t\t\t<p>I nostri giovani talenti dell&#8217;arrampicata e del boulder partecipano sempre a competizioni nazionali e ottengono ottimi risultati. <span style=\"color: #ffffff;\"><a style=\"color: #ffffff;\" href=\"https:\/\/fasi.results.info\/#\/\"><span style=\"text-decoration: underline;\">Puoi visualizzare le graduatorie qui in tempo reale sul sito FASI!<\/span><\/a><\/span><\/p>\t\t\t\t\t\t\t\t<\/div>\n\t\t\t\t<\/div>\n\t\t\t\t\t<\/div>\n\t\t<\/div>\n\t\t\t\t\t<\/div>\n\t\t<\/section>\n\t\t\t\t<\/div>\n\t\t","protected":false},"excerpt":{"rendered":"<p>Novit\u00e0 In questo momento di volatilit\u00e0 e imprevedibilit\u00e0, ci sono sempre buone notizie e notizie meno buone da segnalare. Tutte le novit\u00e0 degne di nota ti verranno comunicate qui! Tutte le notizie Eventi C&#8217;\u00e8 sempre qualcosa da fare con noi! Ci sono gare, serate di boulder e tanti altri eventi da vivere. Se non sei [&hellip;]<\/p>\n","protected":false},"author":1,"featured_media":4703,"parent":0,"menu_order":0,"comment_status":"closed","ping_status":"closed","template":"","meta":{"_acf_changed":false,"footnotes":""},"class_list":["post-3692","page","type-page","status-publish","has-post-thumbnail","hentry"],"acf":[],"yoast_head":"<!-- This site is optimized with the Yoast SEO plugin v25.8 - https:\/\/yoast.com\/wordpress\/plugins\/seo\/ -->\n<title>Attualit\u00e0 - Vertikale<\/title>\n<meta name=\"robots\" content=\"noindex, follow, max-snippet:-1, max-image-preview:large, max-video-preview:-1\" \/>\n<meta property=\"og:locale\" content=\"it_IT\" \/>\n<meta property=\"og:type\" content=\"article\" \/>\n<meta property=\"og:title\" content=\"Attualit\u00e0 - Vertikale\" \/>\n<meta property=\"og:description\" content=\"Novit\u00e0 In questo momento di volatilit\u00e0 e imprevedibilit\u00e0, ci sono sempre buone notizie e notizie meno buone da segnalare. Tutte le novit\u00e0 degne di nota ti verranno comunicate qui! Tutte le notizie Eventi C&#8217;\u00e8 sempre qualcosa da fare con noi! Ci sono gare, serate di boulder e tanti altri eventi da vivere. Se non sei [&hellip;]\" \/>\n<meta property=\"og:url\" content=\"https:\/\/staging.vertikale.it\/it\/aktuelles\/\" \/>\n<meta property=\"og:site_name\" content=\"Vertikale\" \/>\n<meta property=\"article:modified_time\" content=\"2022-03-04T12:06:23+00:00\" \/>\n<meta property=\"og:image\" content=\"https:\/\/staging.vertikale.it\/wp-content\/uploads\/2022\/03\/General_Header.jpg\" \/>\n\t<meta property=\"og:image:width\" content=\"1920\" \/>\n\t<meta property=\"og:image:height\" content=\"1280\" \/>\n\t<meta property=\"og:image:type\" content=\"image\/jpeg\" \/>\n<meta name=\"twitter:card\" content=\"summary_large_image\" \/>\n<meta name=\"twitter:label1\" content=\"Tempo di lettura stimato\" \/>\n\t<meta name=\"twitter:data1\" content=\"1 minuto\" \/>\n<script type=\"application\/ld+json\" class=\"yoast-schema-graph\">{\"@context\":\"https:\/\/schema.org\",\"@graph\":[{\"@type\":\"WebPage\",\"@id\":\"https:\/\/staging.vertikale.it\/it\/aktuelles\/\",\"url\":\"https:\/\/staging.vertikale.it\/it\/aktuelles\/\",\"name\":\"Attualit\u00e0 - Vertikale\",\"isPartOf\":{\"@id\":\"https:\/\/staging.vertikale.it\/it\/#website\"},\"primaryImageOfPage\":{\"@id\":\"https:\/\/staging.vertikale.it\/it\/aktuelles\/#primaryimage\"},\"image\":{\"@id\":\"https:\/\/staging.vertikale.it\/it\/aktuelles\/#primaryimage\"},\"thumbnailUrl\":\"https:\/\/staging.vertikale.it\/wp-content\/uploads\/2022\/03\/General_Header.jpg\",\"datePublished\":\"2022-02-21T16:01:58+00:00\",\"dateModified\":\"2022-03-04T12:06:23+00:00\",\"breadcrumb\":{\"@id\":\"https:\/\/staging.vertikale.it\/it\/aktuelles\/#breadcrumb\"},\"inLanguage\":\"it-IT\",\"potentialAction\":[{\"@type\":\"ReadAction\",\"target\":[\"https:\/\/staging.vertikale.it\/it\/aktuelles\/\"]}]},{\"@type\":\"ImageObject\",\"inLanguage\":\"it-IT\",\"@id\":\"https:\/\/staging.vertikale.it\/it\/aktuelles\/#primaryimage\",\"url\":\"https:\/\/staging.vertikale.it\/wp-content\/uploads\/2022\/03\/General_Header.jpg\",\"contentUrl\":\"https:\/\/staging.vertikale.it\/wp-content\/uploads\/2022\/03\/General_Header.jpg\",\"width\":1920,\"height\":1280},{\"@type\":\"BreadcrumbList\",\"@id\":\"https:\/\/staging.vertikale.it\/it\/aktuelles\/#breadcrumb\",\"itemListElement\":[{\"@type\":\"ListItem\",\"position\":1,\"name\":\"Home\",\"item\":\"https:\/\/staging.vertikale.it\/it\/\"},{\"@type\":\"ListItem\",\"position\":2,\"name\":\"Attualit\u00e0\"}]},{\"@type\":\"WebSite\",\"@id\":\"https:\/\/staging.vertikale.it\/it\/#website\",\"url\":\"https:\/\/staging.vertikale.it\/it\/\",\"name\":\"Vertikale\",\"description\":\"Kletterzentrum Brixen\",\"publisher\":{\"@id\":\"https:\/\/staging.vertikale.it\/it\/#organization\"},\"potentialAction\":[{\"@type\":\"SearchAction\",\"target\":{\"@type\":\"EntryPoint\",\"urlTemplate\":\"https:\/\/staging.vertikale.it\/it\/?s={search_term_string}\"},\"query-input\":{\"@type\":\"PropertyValueSpecification\",\"valueRequired\":true,\"valueName\":\"search_term_string\"}}],\"inLanguage\":\"it-IT\"},{\"@type\":\"Organization\",\"@id\":\"https:\/\/staging.vertikale.it\/it\/#organization\",\"name\":\"Vertikale\",\"url\":\"https:\/\/staging.vertikale.it\/it\/\",\"logo\":{\"@type\":\"ImageObject\",\"inLanguage\":\"it-IT\",\"@id\":\"https:\/\/staging.vertikale.it\/it\/#\/schema\/logo\/image\/\",\"url\":\"https:\/\/staging.vertikale.it\/wp-content\/uploads\/2021\/11\/Vertikale_logo_black-1.png\",\"contentUrl\":\"https:\/\/staging.vertikale.it\/wp-content\/uploads\/2021\/11\/Vertikale_logo_black-1.png\",\"width\":774,\"height\":678,\"caption\":\"Vertikale\"},\"image\":{\"@id\":\"https:\/\/staging.vertikale.it\/it\/#\/schema\/logo\/image\/\"}}]}<\/script>\n<!-- \/ Yoast SEO plugin. -->","yoast_head_json":{"title":"Attualit\u00e0 - Vertikale","robots":{"index":"noindex","follow":"follow","max-snippet":"max-snippet:-1","max-image-preview":"max-image-preview:large","max-video-preview":"max-video-preview:-1"},"og_locale":"it_IT","og_type":"article","og_title":"Attualit\u00e0 - Vertikale","og_description":"Novit\u00e0 In questo momento di volatilit\u00e0 e imprevedibilit\u00e0, ci sono sempre buone notizie e notizie meno buone da segnalare. Tutte le novit\u00e0 degne di nota ti verranno comunicate qui! Tutte le notizie Eventi C&#8217;\u00e8 sempre qualcosa da fare con noi! Ci sono gare, serate di boulder e tanti altri eventi da vivere. Se non sei [&hellip;]","og_url":"https:\/\/staging.vertikale.it\/it\/aktuelles\/","og_site_name":"Vertikale","article_modified_time":"2022-03-04T12:06:23+00:00","og_image":[{"width":1920,"height":1280,"url":"https:\/\/staging.vertikale.it\/wp-content\/uploads\/2022\/03\/General_Header.jpg","type":"image\/jpeg"}],"twitter_card":"summary_large_image","twitter_misc":{"Tempo di lettura stimato":"1 minuto"},"schema":{"@context":"https:\/\/schema.org","@graph":[{"@type":"WebPage","@id":"https:\/\/staging.vertikale.it\/it\/aktuelles\/","url":"https:\/\/staging.vertikale.it\/it\/aktuelles\/","name":"Attualit\u00e0 - Vertikale","isPartOf":{"@id":"https:\/\/staging.vertikale.it\/it\/#website"},"primaryImageOfPage":{"@id":"https:\/\/staging.vertikale.it\/it\/aktuelles\/#primaryimage"},"image":{"@id":"https:\/\/staging.vertikale.it\/it\/aktuelles\/#primaryimage"},"thumbnailUrl":"https:\/\/staging.vertikale.it\/wp-content\/uploads\/2022\/03\/General_Header.jpg","datePublished":"2022-02-21T16:01:58+00:00","dateModified":"2022-03-04T12:06:23+00:00","breadcrumb":{"@id":"https:\/\/staging.vertikale.it\/it\/aktuelles\/#breadcrumb"},"inLanguage":"it-IT","potentialAction":[{"@type":"ReadAction","target":["https:\/\/staging.vertikale.it\/it\/aktuelles\/"]}]},{"@type":"ImageObject","inLanguage":"it-IT","@id":"https:\/\/staging.vertikale.it\/it\/aktuelles\/#primaryimage","url":"https:\/\/staging.vertikale.it\/wp-content\/uploads\/2022\/03\/General_Header.jpg","contentUrl":"https:\/\/staging.vertikale.it\/wp-content\/uploads\/2022\/03\/General_Header.jpg","width":1920,"height":1280},{"@type":"BreadcrumbList","@id":"https:\/\/staging.vertikale.it\/it\/aktuelles\/#breadcrumb","itemListElement":[{"@type":"ListItem","position":1,"name":"Home","item":"https:\/\/staging.vertikale.it\/it\/"},{"@type":"ListItem","position":2,"name":"Attualit\u00e0"}]},{"@type":"WebSite","@id":"https:\/\/staging.vertikale.it\/it\/#website","url":"https:\/\/staging.vertikale.it\/it\/","name":"Vertikale","description":"Kletterzentrum Brixen","publisher":{"@id":"https:\/\/staging.vertikale.it\/it\/#organization"},"potentialAction":[{"@type":"SearchAction","target":{"@type":"EntryPoint","urlTemplate":"https:\/\/staging.vertikale.it\/it\/?s={search_term_string}"},"query-input":{"@type":"PropertyValueSpecification","valueRequired":true,"valueName":"search_term_string"}}],"inLanguage":"it-IT"},{"@type":"Organization","@id":"https:\/\/staging.vertikale.it\/it\/#organization","name":"Vertikale","url":"https:\/\/staging.vertikale.it\/it\/","logo":{"@type":"ImageObject","inLanguage":"it-IT","@id":"https:\/\/staging.vertikale.it\/it\/#\/schema\/logo\/image\/","url":"https:\/\/staging.vertikale.it\/wp-content\/uploads\/2021\/11\/Vertikale_logo_black-1.png","contentUrl":"https:\/\/staging.vertikale.it\/wp-content\/uploads\/2021\/11\/Vertikale_logo_black-1.png","width":774,"height":678,"caption":"Vertikale"},"image":{"@id":"https:\/\/staging.vertikale.it\/it\/#\/schema\/logo\/image\/"}}]}},"_links":{"self":[{"href":"https:\/\/staging.vertikale.it\/it\/wp-json\/wp\/v2\/pages\/3692","targetHints":{"allow":["GET"]}}],"collection":[{"href":"https:\/\/staging.vertikale.it\/it\/wp-json\/wp\/v2\/pages"}],"about":[{"href":"https:\/\/staging.vertikale.it\/it\/wp-json\/wp\/v2\/types\/page"}],"author":[{"embeddable":true,"href":"https:\/\/staging.vertikale.it\/it\/wp-json\/wp\/v2\/users\/1"}],"replies":[{"embeddable":true,"href":"https:\/\/staging.vertikale.it\/it\/wp-json\/wp\/v2\/comments?post=3692"}],"version-history":[{"count":4,"href":"https:\/\/staging.vertikale.it\/it\/wp-json\/wp\/v2\/pages\/3692\/revisions"}],"predecessor-version":[{"id":5032,"href":"https:\/\/staging.vertikale.it\/it\/wp-json\/wp\/v2\/pages\/3692\/revisions\/5032"}],"wp:featuredmedia":[{"embeddable":true,"href":"https:\/\/staging.vertikale.it\/it\/wp-json\/wp\/v2\/media\/4703"}],"wp:attachment":[{"href":"https:\/\/staging.vertikale.it\/it\/wp-json\/wp\/v2\/media?parent=3692"}],"curies":[{"name":"wp","href":"https:\/\/api.w.org\/{rel}","templated":true}]}}